{"id":3372,"date":"2017-07-16T16:01:35","date_gmt":"2017-07-16T14:01:35","guid":{"rendered":"http:\/\/www.rohmann-automation.com\/?page_id=3372"},"modified":"2025-08-13T11:58:09","modified_gmt":"2025-08-13T09:58:09","slug":"karriere","status":"publish","type":"page","link":"https:\/\/www.rohmann-automation.de\/en\/karriere\/","title":{"rendered":"Career"},"content":{"rendered":"<div data-elementor-type=\"wp-page\" data-elementor-id=\"3372\" class=\"elementor elementor-3372\" data-elementor-post-type=\"page\">\n\t\t\t\t\t\t<section class=\"elementor-section elementor-top-section elementor-element elementor-element-1ac26dc3 elementor-section-boxed elementor-section-height-default elementor-section-height-default wpr-particle-no wpr-jarallax-no wpr-parallax-no wpr-sticky-section-no\" data-id=\"1ac26dc3\" data-element_type=\"section\">\n\t\t\t\t\t\t<div class=\"elementor-container elementor-column-gap-default\">\n\t\t\t\t\t<div class=\"elementor-column elementor-col-100 elementor-top-column elementor-element elementor-element-732c2fc7\" data-id=\"732c2fc7\" data-element_type=\"column\">\n\t\t\t<div class=\"elementor-widget-wrap elementor-element-populated\">\n\t\t\t\t\t\t<div class=\"elementor-element elementor-element-319de3f4 elementor-widget elementor-widget-text-editor\" data-id=\"319de3f4\" data-element_type=\"widget\" data-widget_type=\"text-editor.default\">\n\t\t\t\t<div class=\"elementor-widget-container\">\n\t\t\t\t\t\t\t<p><section id=\"bt_section69e60ac69a1af\"  class=\"boldSection topSpaced bottomSpaced btDarkSkin btAccentColorBackground gutter boxed inherit wBackground cover wBackground cover\" style=\"background-color:#f4f4f4  !important;background-image:url('https:\/\/www.rohmann-automation.de\/wp-content\/uploads\/2017\/11\/iStock-500799034.jpg');\"><div class=\"port\"><div class=\"boldCell\"><div class=\"boldCellInner\"><div class=\"boldRow\" ><div class=\"boldRowInner\"><div class=\"rowItem col-md-12 col-ms-12  btTextLeft btMiddleVertical mdl-top\"  data-width=\"12\"><div class=\"rowItemContent\" ><header class=\"header btClear large headline-border regular\" ><div class=\"dash\"><h2><span class=\"headline\">Get started now!<\/span><\/h2><\/div><\/header><\/div><\/div><\/div><\/div><\/div><\/div><\/div><\/section><section id=\"bt_section69e60ac69a3a1\"  class=\"boldSection topSemiSpaced bottomSemiSpaced gutter boxed inherit\" ><div class=\"port\"><div class=\"boldCell\"><div class=\"boldCellInner\"><div class=\"boldRow\" ><div class=\"boldRowInner\"><div class=\"rowItem col-md-12 col-ms-12  btTextLeft\"  data-width=\"12\"><div class=\"rowItemContent\" ><div class=\"btText\" ><\/p>\n<h4>Career<\/h4>\n<p>\n<\/div><div class=\"btText\" ><\/p>\n<ul>\n<li><a href=\"#industrie\">Industriemechaniker \/ Mechatroniker<\/a><\/li>\n<li><a href=\"#elektro\">Elektroniker \/ Mechatroniker &#8211; Elektrik<\/a><\/li>\n<\/ul>\n<hr \/>\n<h5>\u00a0<\/h5>\n<h5 id=\"industrie\">Industriemechaniker \/ Mechatroniker<\/h5>\n<p><strong>Vertragsart <\/strong><\/p>\n<p>Vollzeit<\/p>\n<h6>Deine Aufgaben<\/h6>\n<ul>\n<li>Vor- und Endmontage von Baugruppen, Vorrichtungen, Systemen und Anlagen anhand von Konstruktionsunterlagen (Zeichnungen, St\u00fccklisten, Funktionsbeschreibungen)<\/li>\n<li>Mechanische und pneumatische Verschlauchung\u00a0sowie Installation der Montage- und Pr\u00fcfanlagen<\/li>\n<li>Einbau von mess-, steuerungs- und regeltechnischer Einrichtungen<\/li>\n<li>Aufbau kompletter Montage- und Pr\u00fcfanlagen im Team<\/li>\n<li>Begleitung der Inbetriebnahmen im Haus sowie Aufbau, Montage und Wiederinbetriebnahme beim Kunden vor Ort<\/li>\n<li>Externe Montageeins\u00e4tze und Inbetriebnahmen beim Kunden<\/li>\n<li>Protokollierung und Dokumentation der \u00c4nderungen w\u00e4hrend der Montage Arbeiten (aufgetretene M\u00e4ngel erfassen, analysieren und beseitigen)<\/li>\n<li>Ggf. Elektrische Arbeiten nach Anweisung<\/li>\n<li>Mitarbeit am st\u00e4ndigen Verbesserungsprozess<\/li>\n<li>Einhaltung der projektbezogenen Ziele in Bezug auf Terminplanung, technische Prozesse und kundenspezifische Lastenheftanforderungen<\/li>\n<li>Durchf\u00fchren von Reparatur- und Reklamationsauftr\u00e4gen<\/li>\n<li>Bestellen mechanischer Komponenten<\/li>\n<\/ul>\n<h6>Dein Profil<\/h6>\n<ul>\n<li>Abgeschlossene Berufsausbildung als Mechatroniker (m\/w\/d), Industriemechaniker (m\/w\/d) oder vergleichbare Berufsausbildung in einem industriellen Metallberuf<\/li>\n<li>Berufserfahrung im Bereich der mechanischen Montage von Maschinen und Anlagen<\/li>\n<li>Fachliche Kenntnisse im Maschinenbau<\/li>\n<li>Erfahrung in der Montage von pneumatischen oder hydraulischen Systemen vorteilhaft<\/li>\n<li>Systematische und selbstst\u00e4ndige Arbeitsweise<\/li>\n<li>Gute PC-Grundkenntnisse (MS Office)<\/li>\n<li>Gute Deutschkenntnisse in Wort und Schrift<\/li>\n<li>Englischkenntnisse w\u00fcnschenswert<\/li>\n<li>F\u00fchrerschein (mind. Klasse B)<\/li>\n<li>Teamf\u00e4higkeit, Einsatzbereitschaft und Zuverl\u00e4ssigkeit<\/li>\n<\/ul>\n<ul>\n<li>Selbstst\u00e4ndige Arbeitsweise sowie Kommunikations- und Teamf\u00e4higkeit<\/li>\n<li>solide CAD-Erfahrung, vorzugsweise SolidWorks w\u00fcnschenswert<\/li>\n<li>Hohe Lernbereitschaft sowie Belastbarkeit und Flexibilit\u00e4t<\/li>\n<li>Reisebereitschaft f\u00fcr externe Montageeins\u00e4tze und Inbetriebnahme beim Kunden (ca. 15 %)<\/li>\n<\/ul>\n<h6>Wir bieten<\/h6>\n<ul>\n<li>Erfolgsorientiertes und offenes Arbeitsumfeld<\/li>\n<li>Eigenverantwortliches Arbeiten in einem dynamischen Team mit kurzen Entscheidungswegen<\/li>\n<li>Eine angemessene und leistungsorientierte Verg\u00fctung &amp; Sozialleistungen<\/li>\n<li>Mitsprache bei der Arbeitszeitgestaltung<\/li>\n<li>Sehr angenehmes Arbeitsklima<\/li>\n<li>Abwechslungsreiche T\u00e4tigkeit auf hohem technischem Niveau<\/li>\n<li>Eine vielf\u00e4ltige und innovative Produktpalette mit Anwendungsm\u00f6glichkeiten in vielen verschiedenen Branchen<\/li>\n<li>Ein engagiertes Team mit flachen Hierarchien<\/li>\n<li>Enge Zusammenarbeit mit allen Abteilungen im Rahmen einer offenen und\u00a0pers\u00f6nlichen Kommunikationskultur<\/li>\n<li>Spielraum f\u00fcr eigene Ideen und aktive Mitgestaltung<\/li>\n<\/ul>\n<h5>\u00a0<\/h5>\n<h5 id=\"elektro\">Elektroniker \/ Mechatroniker \u2013 Elektrik<\/h5>\n<p><strong>Vertragsart <\/strong><\/p>\n<p>Vollzeit<\/p>\n<h6>Deine Aufgaben<\/h6>\n<ul>\n<li>Montage und Installation von Kabelwegen und Kabelkan\u00e4len<\/li>\n<li>Installation der Montage- und Pr\u00fcfanlagen nach Elektroschalt- und Fluidpl\u00e4nen im Team<\/li>\n<li>Montage und Verdrahtung von Schaltschr\u00e4nken, Klemmen- und Schaltk\u00e4sten<\/li>\n<li>Einbau von Mess- und Steuereinrichtungen<\/li>\n<li>Montage\u00a0sowie Inbetriebnahme beim Kunden vor Ort<\/li>\n<li>Pr\u00fcfung der elektrischen Gesamtanlage<\/li>\n<li>Einhaltung der projektbezogenen Ziele in Bezug auf Terminplanung, technische Prozesse und kundenspezifische Lastenheftanforderungen<\/li>\n<li>Englischkenntnisse w\u00fcnschenswert<\/li>\n<li>Begleitung der Inbetriebnahmen im Haus sowie Aufbau, Montage und Wiederinbetriebnahme beim Kunden vor Ort<\/li>\n<li>Durchf\u00fchren von Reparatur- und Reklamationsauftr\u00e4gen<\/li>\n<li>Protokollierung und Dokumentation der \u00c4nderungen w\u00e4hrend der Montage Arbeiten (aufgetretene M\u00e4ngel erfassen, analysieren und beseitigen)<\/li>\n<li>Bestellen elektrischer Komponenten<\/li>\n<\/ul>\n<h6>Dein Profil<\/h6>\n<ul>\n<li>Abgeschlossene Berufsausbildung als Elektroniker\u00a0(m\/w\/d) oder vergleichbare Berufsausbildung in einem elektrotechnischen Beruf<\/li>\n<li>Berufserfahrung im Bereich der Elektromontage von Maschinen und Anlagen<\/li>\n<li>Fachliche Kenntnisse im Maschinenbau und in der Automatisierungstechnik<\/li>\n<li>Erfahrung in der Montage von pneumatischen oder hydraulischen Systemen vorteilhaft<\/li>\n<li>Gute PC-Grundkenntnisse (MS Office)<\/li>\n<li>Gute Deutschkenntnisse in Wort und Schrift<\/li>\n<li>Englischkenntnisse w\u00fcnschenswert<\/li>\n<li>F\u00fchrerschein (mind. Klasse B)<\/li>\n<li>Systematische und selbstst\u00e4ndige Arbeitsweise<\/li>\n<li>Teamf\u00e4higkeit, Einsatzbereitschaft und Zuverl\u00e4ssigkeit<\/li>\n<li>Hohe Lernbereitschaft sowie Belastbarkeit und Flexibilit\u00e4t<\/li>\n<li>Reisebereitschaft f\u00fcr externe Montageeins\u00e4tze und Inbetriebnahme beim Kunden (ca. 20 %)<\/li>\n<\/ul>\n<h6>Wir bieten<\/h6>\n<ul>\n<li>Erfolgsorientiertes und offenes Arbeitsumfeld<\/li>\n<li>Eigenverantwortliches Arbeiten in einem dynamischen Team mit kurzen Entscheidungswegen<\/li>\n<li>Mitsprache bei der Arbeitszeitgestaltung<\/li>\n<li>Sehr angenehmes Arbeitsklima<\/li>\n<li>Abwechslungsreiche T\u00e4tigkeit auf hohem technischem Niveau<\/li>\n<li>Eine angemessene und leistungsorientierte Verg\u00fctung &amp; Sozialleistungen<\/li>\n<li>Eine vielf\u00e4ltige und innovative Produktpalette mit Anwendungsm\u00f6glichkeiten in vielen verschiedenen Branchen<\/li>\n<li>Ein engagiertes Team mit flachen Hierarchien<\/li>\n<li>Enge Zusammenarbeit mit allen Abteilungen im Rahmen einer offenen und pers\u00f6nlichen Kommunikationskultur<\/li>\n<li>Spielraum f\u00fcr eigene Ideen und aktive Mitgestaltung <\/li>\n<\/ul>\n<p>Wir bieten Ihnen ein spannendes und abwechslungsreiches Arbeitsumfeld mit viel Freiraum f\u00fcr eigenverantwortliches Arbeiten und abwechslungsreichen Aufgaben.<\/p>\n<p>Wir freuen uns \u00fcber Ihre vollst\u00e4ndigen Bewerbungsunterlagen, bevorzugt per E-Mail, mit Angabe Ihrer Gehaltsvorstellung und des n\u00e4chstm\u00f6glichen Eintrittstermins unter: <a href=\"mailto:info@rohmann-automation.de\">info@rohmann-automation.de<\/a><\/p>\n<p>\n<\/div><\/div><\/div><\/div><\/div><\/div><\/div><\/div><\/section><\/p>\t\t\t\t\t\t<\/div>\n\t\t\t\t<\/div>\n\t\t\t\t\t<\/div>\n\t\t<\/div>\n\t\t\t\t\t<\/div>\n\t\t<\/section>\n\t\t\t\t<\/div>","protected":false},"excerpt":{"rendered":"","protected":false},"author":1,"featured_media":0,"parent":0,"menu_order":0,"comment_status":"closed","ping_status":"closed","template":"","meta":{"_price":"","_stock":"","_tribe_ticket_header":"","_tribe_default_ticket_provider":"Tribe__Tickets_Plus__Commerce__WooCommerce__Main","_tribe_ticket_capacity":"0","_ticket_start_date":"","_ticket_end_date":"","_tribe_ticket_show_description":"","_tribe_ticket_show_not_going":false,"_tribe_ticket_use_global_stock":"","_tribe_ticket_global_stock_level":"","_global_stock_mode":"","_global_stock_cap":"","_tribe_rsvp_for_event":"","_tribe_ticket_going_count":"","_tribe_ticket_not_going_count":"","_tribe_tickets_list":"[]","_tribe_ticket_has_attendee_info_fields":false,"footnotes":""},"class_list":["post-3372","page","type-page","status-publish","hentry"],"yoast_head":"<!-- This site is optimized with the Yoast SEO plugin v23.6 - https:\/\/yoast.com\/wordpress\/plugins\/seo\/ -->\n<title>Karriere - Rohmann Automation GmbH<\/title>\n<meta name=\"robots\" content=\"index, follow, max-snippet:-1, max-image-preview:large, max-video-preview:-1\" \/>\n<link rel=\"canonical\" href=\"https:\/\/www.rohmann-automation.de\/en\/karriere\/\" \/>\n<meta property=\"og:locale\" content=\"en_GB\" \/>\n<meta property=\"og:type\" content=\"article\" \/>\n<meta property=\"og:title\" content=\"Karriere - Rohmann Automation GmbH\" \/>\n<meta property=\"og:url\" content=\"https:\/\/www.rohmann-automation.de\/en\/karriere\/\" \/>\n<meta property=\"og:site_name\" content=\"Rohmann Automation GmbH\" \/>\n<meta property=\"article:modified_time\" content=\"2025-08-13T09:58:09+00:00\" \/>\n<meta property=\"og:image\" content=\"https:\/\/www.rohmann-automation.de\/wp-content\/uploads\/2022\/06\/Vorschau_Gif_klein.gif\" \/>\n\t<meta property=\"og:image:width\" content=\"512\" \/>\n\t<meta property=\"og:image:height\" content=\"512\" \/>\n\t<meta property=\"og:image:type\" content=\"image\/gif\" \/>\n<meta name=\"twitter:card\" content=\"summary_large_image\" \/>\n<meta name=\"twitter:label1\" content=\"Estimated reading time\" \/>\n\t<meta name=\"twitter:data1\" content=\"3 minutes\" \/>\n<script type=\"application\/ld+json\" class=\"yoast-schema-graph\">{\"@context\":\"https:\/\/schema.org\",\"@graph\":[{\"@type\":\"WebPage\",\"@id\":\"https:\/\/www.rohmann-automation.de\/karriere\/\",\"url\":\"https:\/\/www.rohmann-automation.de\/karriere\/\",\"name\":\"Karriere - Rohmann Automation GmbH\",\"isPartOf\":{\"@id\":\"https:\/\/www.rohmann-automation.de\/#website\"},\"datePublished\":\"2017-07-16T14:01:35+00:00\",\"dateModified\":\"2025-08-13T09:58:09+00:00\",\"breadcrumb\":{\"@id\":\"https:\/\/www.rohmann-automation.de\/karriere\/#breadcrumb\"},\"inLanguage\":\"en-GB\",\"potentialAction\":[{\"@type\":\"ReadAction\",\"target\":[\"https:\/\/www.rohmann-automation.de\/karriere\/\"]}]},{\"@type\":\"BreadcrumbList\",\"@id\":\"https:\/\/www.rohmann-automation.de\/karriere\/#breadcrumb\",\"itemListElement\":[{\"@type\":\"ListItem\",\"position\":1,\"name\":\"Startseite\",\"item\":\"https:\/\/www.rohmann-automation.de\/\"},{\"@type\":\"ListItem\",\"position\":2,\"name\":\"Karriere\"}]},{\"@type\":\"WebSite\",\"@id\":\"https:\/\/www.rohmann-automation.de\/#website\",\"url\":\"https:\/\/www.rohmann-automation.de\/\",\"name\":\"Rohmann Automation GmbH\",\"description\":\"Roboterautomation und Lasermaterialbearbeitung\",\"potentialAction\":[{\"@type\":\"SearchAction\",\"target\":{\"@type\":\"EntryPoint\",\"urlTemplate\":\"https:\/\/www.rohmann-automation.de\/?s={search_term_string}\"},\"query-input\":{\"@type\":\"PropertyValueSpecification\",\"valueRequired\":true,\"valueName\":\"search_term_string\"}}],\"inLanguage\":\"en-GB\"}]}<\/script>\n<!-- \/ Yoast SEO plugin. -->","yoast_head_json":{"title":"Karriere - Rohmann Automation GmbH","robots":{"index":"index","follow":"follow","max-snippet":"max-snippet:-1","max-image-preview":"max-image-preview:large","max-video-preview":"max-video-preview:-1"},"canonical":"https:\/\/www.rohmann-automation.de\/en\/karriere\/","og_locale":"en_GB","og_type":"article","og_title":"Karriere - Rohmann Automation GmbH","og_url":"https:\/\/www.rohmann-automation.de\/en\/karriere\/","og_site_name":"Rohmann Automation GmbH","article_modified_time":"2025-08-13T09:58:09+00:00","og_image":[{"url":"https:\/\/www.rohmann-automation.de\/wp-content\/uploads\/2022\/06\/Vorschau_Gif_klein.gif","width":512,"height":512,"type":"image\/gif"}],"twitter_card":"summary_large_image","twitter_misc":{"Estimated reading time":"3 minutes"},"schema":{"@context":"https:\/\/schema.org","@graph":[{"@type":"WebPage","@id":"https:\/\/www.rohmann-automation.de\/karriere\/","url":"https:\/\/www.rohmann-automation.de\/karriere\/","name":"Karriere - Rohmann Automation GmbH","isPartOf":{"@id":"https:\/\/www.rohmann-automation.de\/#website"},"datePublished":"2017-07-16T14:01:35+00:00","dateModified":"2025-08-13T09:58:09+00:00","breadcrumb":{"@id":"https:\/\/www.rohmann-automation.de\/karriere\/#breadcrumb"},"inLanguage":"en-GB","potentialAction":[{"@type":"ReadAction","target":["https:\/\/www.rohmann-automation.de\/karriere\/"]}]},{"@type":"BreadcrumbList","@id":"https:\/\/www.rohmann-automation.de\/karriere\/#breadcrumb","itemListElement":[{"@type":"ListItem","position":1,"name":"Startseite","item":"https:\/\/www.rohmann-automation.de\/"},{"@type":"ListItem","position":2,"name":"Karriere"}]},{"@type":"WebSite","@id":"https:\/\/www.rohmann-automation.de\/#website","url":"https:\/\/www.rohmann-automation.de\/","name":"Rohmann Automation GmbH","description":"Roboterautomation und Lasermaterialbearbeitung","potentialAction":[{"@type":"SearchAction","target":{"@type":"EntryPoint","urlTemplate":"https:\/\/www.rohmann-automation.de\/?s={search_term_string}"},"query-input":{"@type":"PropertyValueSpecification","valueRequired":true,"valueName":"search_term_string"}}],"inLanguage":"en-GB"}]}},"ticketed":false,"_links":{"self":[{"href":"https:\/\/www.rohmann-automation.de\/en\/wp-json\/wp\/v2\/pages\/3372"}],"collection":[{"href":"https:\/\/www.rohmann-automation.de\/en\/wp-json\/wp\/v2\/pages"}],"about":[{"href":"https:\/\/www.rohmann-automation.de\/en\/wp-json\/wp\/v2\/types\/page"}],"author":[{"embeddable":true,"href":"https:\/\/www.rohmann-automation.de\/en\/wp-json\/wp\/v2\/users\/1"}],"replies":[{"embeddable":true,"href":"https:\/\/www.rohmann-automation.de\/en\/wp-json\/wp\/v2\/comments?post=3372"}],"version-history":[{"count":6,"href":"https:\/\/www.rohmann-automation.de\/en\/wp-json\/wp\/v2\/pages\/3372\/revisions"}],"predecessor-version":[{"id":12218,"href":"https:\/\/www.rohmann-automation.de\/en\/wp-json\/wp\/v2\/pages\/3372\/revisions\/12218"}],"wp:attachment":[{"href":"https:\/\/www.rohmann-automation.de\/en\/wp-json\/wp\/v2\/media?parent=3372"}],"curies":[{"name":"wp","href":"https:\/\/api.w.org\/{rel}","templated":true}]}}